{"id":955,"date":"2024-02-03T09:26:54","date_gmt":"2024-02-03T09:26:54","guid":{"rendered":"https:\/\/www.pittermanns-scholl.de\/?page_id=955"},"modified":"2024-02-17T10:06:31","modified_gmt":"2024-02-17T10:06:31","slug":"eiersoeke","status":"publish","type":"page","link":"https:\/\/pittermanns-scholl.de\/index.php\/eiersoeke\/","title":{"rendered":"Belker Eiers\u00f6ke \u00f6m St. M\u00e4htes"},"content":{"rendered":"<div>\n<table style=\"border-collapse: collapse; width: 100%;\">\n<tbody>\n<tr>\n<td style=\"width: 50%;\"><\/td>\n<td style=\"width: 50%;\"><\/td>\n<\/tr>\n<\/tbody>\n<\/table>\n<p><a href=\"https:\/\/www.pittermanns-scholl.de\/wp-content\/uploads\/2024\/02\/qr-code.png\" rel=\"wpdevart_lightbox\"><img loading=\"lazy\" decoding=\"async\" class=\"alignleft wp-image-965 size-thumbnail\" src=\"https:\/\/www.pittermanns-scholl.de\/wp-content\/uploads\/2024\/02\/qr-code-150x150.png\" alt=\"\" width=\"150\" height=\"150\" srcset=\"https:\/\/pittermanns-scholl.de\/wp-content\/uploads\/2024\/02\/qr-code-150x150.png 150w, https:\/\/pittermanns-scholl.de\/wp-content\/uploads\/2024\/02\/qr-code-300x300.png 300w, https:\/\/pittermanns-scholl.de\/wp-content\/uploads\/2024\/02\/qr-code-1024x1024.png 1024w, https:\/\/pittermanns-scholl.de\/wp-content\/uploads\/2024\/02\/qr-code-768x768.png 768w, https:\/\/pittermanns-scholl.de\/wp-content\/uploads\/2024\/02\/qr-code-1536x1536.png 1536w, https:\/\/pittermanns-scholl.de\/wp-content\/uploads\/2024\/02\/qr-code-2048x2048.png 2048w\" sizes=\"auto, (max-width: 150px) 100vw, 150px\" \/><\/a><span style=\"font-size: 16px;\">Am <strong>Ostermontag, dem 1. April 2024<\/strong>, laden wir Sie ab <strong>11:30 Uhr<\/strong> herzlich zu unserem traditionellen <strong>Belker Eiers\u00f6ke \u00f6m St. M\u00e4htes<\/strong>\u00a0ein, bei dem auch der <strong>Original Belker Osterhas<\/strong>\u00a0nicht fehlen wird.<\/span><\/p>\n<\/div>\n<div><\/div>\n<div><span style=\"font-size: 16px;\">In diesem Jahr gibt es f\u00fcr die Kinder erneut spannende Preise zu gewinnen. Dazu haben wir uns einen besonderen Wettbewerb \u00fcberlegt, der unserer Pittermanns Scholl alle Ehre macht: Es dreht sich alles um die D\u00fcsseldorfer Mundart.<\/span><\/div>\n<div><\/div>\n<div><span style=\"font-size: 16px;\">Wir haben ein kleines Ostergedicht in in D\u00fcsseldorfer Mundart vorbereitet, das die Kinder vortragen k\u00f6nnen. Die Begeisterung des Publikums, gemessen an ihrem tosenden Applaus, entscheidet \u00fcber die Gewinner.<\/span><\/div>\n<div>\n<p><span style=\"font-size: 16px;\">Um das Erlernen des Gedichts zu erleichtern, hat unser Oberlehrer Hans Dieter Caspers das Gedicht aufgenommen, sodass es hier abgespielt werden kann.<\/span><\/p>\n<p><strong><span style=\"font-size: 20px;\">Osterh\u00e4ske<\/span><\/strong><br \/>\n<strong><span style=\"font-size: 20px;\">Ongerm Boom em jr\u00f6ne Jras<\/span><\/strong><br \/>\n<strong><span style=\"font-size: 20px;\">Sizzt ne kleene Osterhas\u2018!<\/span><\/strong><br \/>\n<strong><span style=\"font-size: 20px;\">Potz sech dr Baht on spetz dat Ohr,<\/span><\/strong><br \/>\n<strong><span style=\"font-size: 20px;\">maht e M\u00e4nneken, luert v\u00f6r.<\/span><\/strong><br \/>\n<strong><span style=\"font-size: 20px;\">Hoppelt dann fott met eene Sazz.<\/span><\/strong><br \/>\n<strong><span style=\"font-size: 20px;\">On ne kleene, freche Spatz (M\u00f6sch)<\/span><\/strong><br \/>\n<strong><span style=\"font-size: 20px;\">Kickt jezz noh, wat denn do sei (w\u00f6r).<\/span><\/strong><br \/>\n<strong><span style=\"font-size: 20px;\">On wat ess et? E Osterei!<\/span><\/strong><\/p>\n<p><a href=\"https:\/\/www.pittermanns-scholl.de\/wp-content\/uploads\/2024\/02\/Osterhas.pdf\" target=\"_blank\" rel=\"noopener\">PDF zum Download<\/a><br \/>\n<div\n    id=\"h5ap-player-1\"\n    data-id=\"h5ap-player-1\"\n    data-attributes=\"{&quot;uniqueId&quot;:&quot;player967&quot;,&quot;clientId&quot;:&quot;&quot;,&quot;align&quot;:&quot;&quot;,&quot;alignment&quot;:&quot;center&quot;,&quot;source&quot;:&quot;https:\\\/\\\/www.pittermanns-scholl.de\\\/wp-content\\\/uploads\\\/2024\\\/02\\\/osterhaeske_hdc.mp3&quot;,&quot;poster&quot;:&quot;&quot;,&quot;title&quot;:&quot;Audio Title&quot;,&quot;artist&quot;:&quot;Author Name&quot;,&quot;color&quot;:&quot;#fff&quot;,&quot;textColor&quot;:&quot;#fff&quot;,&quot;primaryColor&quot;:&quot;#195FF5&quot;,&quot;hoverColor&quot;:&quot;#00B3FF&quot;,&quot;skin&quot;:&quot;Default&quot;,&quot;repeat&quot;:false,&quot;autoplay&quot;:false,&quot;isSticky&quot;:false,&quot;muted&quot;:false,&quot;loader&quot;:false,&quot;saveState&quot;:false,&quot;disablePause&quot;:false,&quot;seekTime&quot;:10,&quot;startTime&quot;:0,&quot;download&quot;:true,&quot;width&quot;:&quot;100%&quot;,&quot;radius&quot;:&quot;10px&quot;,&quot;controls&quot;:{&quot;play&quot;:true,&quot;progress&quot;:true,&quot;duration&quot;:true,&quot;mute&quot;:true,&quot;volume&quot;:true,&quot;settings&quot;:true},&quot;CSS&quot;:&quot;&quot;,&quot;i18n&quot;:{&quot;restart&quot;:&quot;Restart&quot;,&quot;rewind&quot;:&quot;Rewind {seektime}s&quot;,&quot;play&quot;:&quot;Play&quot;,&quot;pause&quot;:&quot;Pause&quot;,&quot;fastForward:&quot;:&quot;Forward {seektime}s&quot;,&quot;seek&quot;:&quot;Seek&quot;,&quot;seekLabel&quot;:&quot;{currentTime} of {duration}&quot;,&quot;played&quot;:&quot;Played&quot;,&quot;buffered&quot;:&quot;Buffered&quot;,&quot;currentTime:&quot;:&quot;Current time&quot;,&quot;duration&quot;:&quot;Duration&quot;,&quot;volume&quot;:&quot;Volume&quot;,&quot;mute&quot;:&quot;Mute&quot;,&quot;unmute&quot;:&quot;Unmute&quot;,&quot;enableCaptions&quot;:&quot;Enable captions&quot;,&quot;disableCaptions&quot;:&quot;Disable captions&quot;,&quot;download&quot;:&quot;Download&quot;,&quot;enterFullscreen&quot;:&quot;Enter fullscreen&quot;,&quot;exitFullscreen&quot;:&quot;Exit fullscreen&quot;,&quot;frameTitle&quot;:&quot;Player for {title}&quot;,&quot;captions&quot;:&quot;Captions&quot;,&quot;settings&quot;:&quot;Settings&quot;,&quot;pip&quot;:&quot;PIP&quot;,&quot;menuBack&quot;:&quot;Go back to previous menu&quot;,&quot;speed&quot;:&quot;Speed&quot;,&quot;normal&quot;:&quot;Normal&quot;,&quot;quality&quot;:&quot;Quality&quot;,&quot;loop&quot;:&quot;Loop&quot;,&quot;start&quot;:&quot;Start&quot;,&quot;end&quot;:&quot;End&quot;,&quot;all&quot;:&quot;All&quot;,&quot;reset&quot;:&quot;Reset&quot;,&quot;disabled&quot;:&quot;Disabled&quot;,&quot;enabled&quot;:&quot;Enabled&quot;,&quot;advertisement&quot;:&quot;Ad&quot;,&quot;qualityBadge&quot;:{&quot;2160&quot;:&quot;4K&quot;,&quot;1440&quot;:&quot;HD&quot;,&quot;1080&quot;:&quot;HD&quot;,&quot;720&quot;:&quot;HD&quot;,&quot;576&quot;:&quot;SD&quot;,&quot;480&quot;:&quot;SD&quot;}},&quot;controlColor&quot;:&quot;#4a5464&quot;,&quot;preload&quot;:&quot;metadata&quot;,&quot;speed&quot;:{&quot;selected&quot;:1,&quot;speed&quot;:[&quot;0.5&quot;,&quot; 0.75&quot;,&quot; 1&quot;,&quot; 1.25&quot;,&quot; 1.5&quot;,&quot; 1.75&quot;,&quot; 2&quot;,&quot; 4&quot;,&quot; 8&quot;]},&quot;multiple_audio&quot;:false,&quot;defaultValue&quot;:{&quot;Default&quot;:{&quot;primaryColor&quot;:&quot;#4A5464&quot;,&quot;controlColor&quot;:&quot;#4A5464&quot;,&quot;bgColor&quot;:&quot;#F5F5F5&quot;},&quot;Fusion&quot;:{&quot;primaryColor&quot;:&quot;#fff&quot;,&quot;bgColor&quot;:&quot;#161616&quot;,&quot;controlColor&quot;:&quot;#fff&quot;},&quot;Stamp&quot;:{&quot;controlColor&quot;:&quot;#fff&quot;,&quot;bgColor&quot;:&quot;#161616&quot;},&quot;Wave&quot;:{&quot;primaryColor&quot;:&quot;#fff&quot;,&quot;controlColor&quot;:&quot;#fff&quot;,&quot;bgColor&quot;:&quot;#161616&quot;,&quot;textColor&quot;:&quot;#fff&quot;},&quot;Card-1&quot;:{&quot;primaryColor&quot;:&quot;#fff&quot;,&quot;controlColor&quot;:&quot;#161616&quot;,&quot;bgColor&quot;:&quot;#161616&quot;,&quot;textColor&quot;:&quot;#fff&quot;},&quot;Card-2&quot;:{&quot;primaryColor&quot;:&quot;#00FBF3&quot;,&quot;controlColor&quot;:&quot;#fff&quot;,&quot;bgColor&quot;:&quot;#161616&quot;,&quot;textColor&quot;:&quot;#fff&quot;},&quot;Simple-1&quot;:{&quot;primaryColor&quot;:&quot;#00dcff&quot;,&quot;controlColor&quot;:&quot;#fff&quot;,&quot;bgColor&quot;:&quot;#161616&quot;,&quot;textColor&quot;:&quot;#00dcff&quot;},&quot;Simple-2&quot;:{&quot;primaryColor&quot;:&quot;#06F7FF00&quot;,&quot;controlColor&quot;:&quot;#fff&quot;,&quot;bgColor&quot;:&quot;#161616&quot;},&quot;Player9&quot;:{&quot;primaryColor&quot;:&quot;#195FF6&quot;,&quot;controlColor&quot;:&quot;#fff&quot;,&quot;bgColor&quot;:&quot;#161616&quot;,&quot;textColor&quot;:&quot;#EDEFF2&quot;},&quot;Player10&quot;:{&quot;primaryColor&quot;:&quot;#195FF6&quot;,&quot;controlColor&quot;:&quot;#fff&quot;,&quot;bgColor&quot;:&quot;#161616&quot;,&quot;textColor&quot;:&quot;#EDEFF2&quot;},&quot;Player11&quot;:{&quot;primaryColor&quot;:&quot;#195FF6&quot;,&quot;controlColor&quot;:&quot;#fff&quot;,&quot;bgColor&quot;:&quot;#161616&quot;,&quot;textColor&quot;:&quot;#fff&quot;}}}\"\n    class=\"wp-block-h5ap-tailwind wp-block-h5ap-audioplayer\">\n    <\/div><\/p>\n<table style=\"width: 100%; border-collapse: collapse; border-style: hidden;\">\n<tbody>\n<tr>\n<td style=\"width: 100%;\"><\/td>\n<\/tr>\n<\/tbody>\n<\/table>\n<\/div>\n<div><\/div>\n<table style=\"width: 100%; border-collapse: collapse; border-style: hidden;\">\n<tbody>\n<tr>\n<td style=\"width: 50%; text-align: left; vertical-align: top;\"><a href=\"https:\/\/www.pittermanns-scholl.de\/wp-content\/uploads\/2024\/02\/Eiersoeke2024_www.jpg\" rel=\"wpdevart_lightbox\"><img loading=\"lazy\" decoding=\"async\" class=\"alignnone wp-image-962\" src=\"https:\/\/www.pittermanns-scholl.de\/wp-content\/uploads\/2024\/02\/Eiersoeke2024_www-212x300.jpg\" alt=\"\" width=\"424\" height=\"599\" srcset=\"https:\/\/pittermanns-scholl.de\/wp-content\/uploads\/2024\/02\/Eiersoeke2024_www-212x300.jpg 212w, https:\/\/pittermanns-scholl.de\/wp-content\/uploads\/2024\/02\/Eiersoeke2024_www.jpg 709w\" sizes=\"auto, (max-width: 424px) 100vw, 424px\" \/><\/a><\/td>\n<td style=\"width: 50%; text-align: left; vertical-align: top;\">\n<div><span style=\"font-size: 16px;\">Wir w\u00fcrden uns sehr freuen, wenn Sie Ihren Freunden und Verwandten von unserem Eiers\u00f6ke erz\u00e4hlen w\u00fcrden.<\/span><\/div>\n<div><\/div>\n<div><span style=\"font-size: 16px;\">Wie immer wird das Eiersuchen von der Pittermanns Schule f\u00fcr alle Kindergarten- und Grundschulkinder v\u00f6llig kostenlos organisiert.<\/span><\/div>\n<div><span style=\"font-size: 16px; font-family: inherit;\"><br \/>\nWer gerne einmal selbst an einem Unterricht der Pittermanns Schule teilnehmen m\u00f6chte, kann sich gerne auf unserer Facebook-Seite oder unserer Webseite \u00fcber die n\u00e4chsten Unterrichtsstunden informieren. Auch diese Angebote sind, wie immer, kostenlos.\u00a0<\/span><\/div>\n<div><\/div>\n<div>\n<p><span style=\"font-size: 10px;\">St. M\u00e4htes ist die alte Bilker Kirche an der Martinstra\u00dfe Ecke Bachstra\u00dfe.<br \/>\n<a href=\"https:\/\/www.pittermanns-scholl.de\/wp-content\/uploads\/2024\/02\/Karte.png\" rel=\"wpdevart_lightbox\"><img loading=\"lazy\" decoding=\"async\" class=\"aligncenter wp-image-963 size-medium\" src=\"https:\/\/www.pittermanns-scholl.de\/wp-content\/uploads\/2024\/02\/Karte-300x300.png\" alt=\"\" width=\"300\" height=\"300\" srcset=\"https:\/\/pittermanns-scholl.de\/wp-content\/uploads\/2024\/02\/Karte-300x300.png 300w, https:\/\/pittermanns-scholl.de\/wp-content\/uploads\/2024\/02\/Karte-150x150.png 150w, https:\/\/pittermanns-scholl.de\/wp-content\/uploads\/2024\/02\/Karte.png 716w\" sizes=\"auto, (max-width: 300px) 100vw, 300px\" \/><\/a><br \/>\n<\/span><\/p>\n<\/div>\n<\/td>\n<\/tr>\n<\/tbody>\n<\/table>\n<div>Verwenden Sie diese Schaltfl\u00e4chen, um die Seite zu teilen:<\/div>\n<div><\/div>\n","protected":false},"excerpt":{"rendered":"<p>Am Ostermontag, dem 1. April 2024, laden wir Sie ab 11:30 Uhr herzlich zu unserem traditionellen Belker Eiers\u00f6ke \u00f6m St. M\u00e4htes\u00a0ein, bei dem auch der Original Belker Osterhas\u00a0nicht fehlen wird. In diesem Jahr gibt es f\u00fcr die Kinder erneut spannende &hellip; <a href=\"https:\/\/pittermanns-scholl.de\/index.php\/eiersoeke\/\">Weiterlesen <span class=\"meta-nav\">&rarr;<\/span><\/a><\/p>\n","protected":false},"author":1,"featured_media":0,"parent":0,"menu_order":0,"comment_status":"closed","ping_status":"closed","template":"","meta":{"h5ap_radio_sources":[],"footnotes":""},"class_list":["post-955","page","type-page","status-publish","has-post-thumbnail","hentry"],"_links":{"self":[{"href":"https:\/\/pittermanns-scholl.de\/index.php\/wp-json\/wp\/v2\/pages\/955","targetHints":{"allow":["GET"]}}],"collection":[{"href":"https:\/\/pittermanns-scholl.de\/index.php\/wp-json\/wp\/v2\/pages"}],"about":[{"href":"https:\/\/pittermanns-scholl.de\/index.php\/wp-json\/wp\/v2\/types\/page"}],"author":[{"embeddable":true,"href":"https:\/\/pittermanns-scholl.de\/index.php\/wp-json\/wp\/v2\/users\/1"}],"replies":[{"embeddable":true,"href":"https:\/\/pittermanns-scholl.de\/index.php\/wp-json\/wp\/v2\/comments?post=955"}],"version-history":[{"count":13,"href":"https:\/\/pittermanns-scholl.de\/index.php\/wp-json\/wp\/v2\/pages\/955\/revisions"}],"predecessor-version":[{"id":982,"href":"https:\/\/pittermanns-scholl.de\/index.php\/wp-json\/wp\/v2\/pages\/955\/revisions\/982"}],"wp:attachment":[{"href":"https:\/\/pittermanns-scholl.de\/index.php\/wp-json\/wp\/v2\/media?parent=955"}],"curies":[{"name":"wp","href":"https:\/\/api.w.org\/{rel}","templated":true}]}}