{"id":468,"date":"2019-04-16T15:58:21","date_gmt":"2019-04-16T15:58:21","guid":{"rendered":"https:\/\/www.pittermanns-scholl.de\/?page_id=468"},"modified":"2019-04-16T15:58:21","modified_gmt":"2019-04-16T15:58:21","slug":"ueber-uns","status":"publish","type":"page","link":"https:\/\/pittermanns-scholl.de\/index.php\/ueber-uns\/","title":{"rendered":"\u00dcber Uns"},"content":{"rendered":"<p><strong>Wer, wie, was ist die Pittermanns Scholl<\/strong><\/p>\n<p>Aus der Bilker Sch\u00fctzenzeitung der letzten Jahrzehnte ist den Mitgliedern der rege Schriftwechsel zwischen dem \u201eleewe Pittermann&#8220;, einem Vereinsmitglied und dem \u201eleewe Chef&#8220;- Chef der Bilker Sch\u00fctzen, bekannt.<\/p>\n<p>Diese Tatsache griffen die Verantwortlichen auf und so entstand \u201ePittermanns Scholl&#8220;.<\/p>\n<p>Weil immer weniger D\u00fcsseldorfer Platt sprechen, starten die Bilker Sch\u00fctzen mit einer Gemeinschaft zur F\u00f6rderung D\u00fcsseldorfer Mundart, eben mit der \u201ePittermanns Scholl&#8220;.<\/p>\n<p>Ziel ist es, Platt sprechen zu lernen und\/oder unseren Dialekt, sowie das Vorhandene auffrischen.<\/p>\n<p>Auf der Standarte der Bilker Sch\u00fctzen steht: Glaube, Sitte und Heimat!<\/p>\n<p>So liegt es nahe, wenn sich die Bilker Sch\u00fctzen mit der D\u00fcsseldorfer Mundart, n\u00e4mlich D\u00fcsseldorfer Platt, besch\u00e4ftigen und dieses Wissen weitergeben.<\/p>\n","protected":false},"excerpt":{"rendered":"<p>Wer, wie, was ist die Pittermanns Scholl Aus der Bilker Sch\u00fctzenzeitung der letzten Jahrzehnte ist den Mitgliedern der rege Schriftwechsel zwischen dem \u201eleewe Pittermann&#8220;, einem Vereinsmitglied und dem \u201eleewe Chef&#8220;- Chef der Bilker Sch\u00fctzen, bekannt. Diese Tatsache griffen die Verantwortlichen &hellip; <a href=\"https:\/\/pittermanns-scholl.de\/index.php\/ueber-uns\/\">Weiterlesen <span class=\"meta-nav\">&rarr;<\/span><\/a><\/p>\n","protected":false},"author":1,"featured_media":0,"parent":0,"menu_order":0,"comment_status":"closed","ping_status":"closed","template":"","meta":{"h5ap_radio_sources":[],"footnotes":""},"class_list":["post-468","page","type-page","status-publish","hentry"],"_links":{"self":[{"href":"https:\/\/pittermanns-scholl.de\/index.php\/wp-json\/wp\/v2\/pages\/468","targetHints":{"allow":["GET"]}}],"collection":[{"href":"https:\/\/pittermanns-scholl.de\/index.php\/wp-json\/wp\/v2\/pages"}],"about":[{"href":"https:\/\/pittermanns-scholl.de\/index.php\/wp-json\/wp\/v2\/types\/page"}],"author":[{"embeddable":true,"href":"https:\/\/pittermanns-scholl.de\/index.php\/wp-json\/wp\/v2\/users\/1"}],"replies":[{"embeddable":true,"href":"https:\/\/pittermanns-scholl.de\/index.php\/wp-json\/wp\/v2\/comments?post=468"}],"version-history":[{"count":0,"href":"https:\/\/pittermanns-scholl.de\/index.php\/wp-json\/wp\/v2\/pages\/468\/revisions"}],"wp:attachment":[{"href":"https:\/\/pittermanns-scholl.de\/index.php\/wp-json\/wp\/v2\/media?parent=468"}],"curies":[{"name":"wp","href":"https:\/\/api.w.org\/{rel}","templated":true}]}}